{"id":6,"date":"2023-09-05T09:27:16","date_gmt":"2023-09-05T07:27:16","guid":{"rendered":"http:\/\/www.esslie.com\/?page_id=6"},"modified":"2023-09-05T14:26:31","modified_gmt":"2023-09-05T12:26:31","slug":"beaux-portfolios-pour-des-creatifs-exceptionnels","status":"publish","type":"page","link":"https:\/\/www.esslie.com\/","title":{"rendered":"ESSLIE, votre cabinet de Conseil en Strat\u00e9gie RSE (Responsabilit\u00e9 Soci\u00e9tale des Entreprises)"},"content":{"rendered":"\n<p class=\"has-text-align-center\"><meta charset=\"utf-8\"><\/meta><\/p>\n\n\n\n<p>ESSLIE accompagne les entreprises et organisations pour construire une strat\u00e9gie autour du d\u00e9veloppement durable et de la responsabilit\u00e9 soci\u00e9tale.<\/p>\n\n\n\n<p>Notre ambition est de valoriser les mod\u00e8les d&rsquo;entreprises qui int\u00e8grent leur impact dans leur business mod\u00e8le.<\/p>\n\n\n\n<p>Nous sommes persuad\u00e9s que le respect de l&rsquo;environnement, l&rsquo;impact positif sur la soci\u00e9t\u00e9 et l&rsquo;\u00e9quit\u00e9 sont des \u00e9l\u00e9ments importants qui doivent faire partie d&rsquo;un projet d&rsquo;entreprise que nous saurons valoriser ensemble.<\/p>\n\n\n\n<p>Nous mettons le progr\u00e8s social et la protection de l&rsquo;environnement au c\u0153ur de notre ambition afin de cr\u00e9er de la valeur, durable et partag\u00e9e.<\/p>\n\n\n\n<div style=\"height:55px\" aria-hidden=\"true\" class=\"wp-block-spacer\"><\/div>\n\n\n\n<div class=\"wp-block-group alignfull has-background is-layout-flow wp-block-group-is-layout-flow\" style=\"background-color:#e5e9ec\">\n<div class=\"wp-block-columns is-layout-flex wp-container-core-columns-is-layout-28f84493 wp-block-columns-is-layout-flex\">\n<div class=\"wp-block-column is-vertically-aligned-center is-layout-flow wp-block-column-is-layout-flow\">\n<h2 class=\"wp-block-heading\">Notre Offre<\/h2>\n\n\n\n<ul class=\"wp-block-list\">\n<li>Conseil<\/li>\n<\/ul>\n\n\n\n<ul class=\"wp-block-list\">\n<li>Accompagnement pour l&rsquo;obtention de certifications et labellisation<\/li>\n<\/ul>\n\n\n\n<ul class=\"wp-block-list\">\n<li>Formation<\/li>\n<\/ul>\n\n\n\n<div class=\"wp-block-buttons is-horizontal is-content-justification-left is-layout-flex wp-container-core-buttons-is-layout-20be11b6 wp-block-buttons-is-layout-flex\">\n<div class=\"wp-block-button is-style-outline is-style-outline--1\"><a class=\"wp-block-button__link wp-element-button\" href=\"http:\/\/www.esslie.com\/index.php\/about\/\">D\u00e9couvrir<\/a><\/div>\n<\/div>\n\n\n\n<p><\/p>\n<\/div>\n\n\n\n<div class=\"wp-block-column is-layout-flow wp-block-column-is-layout-flow\">\n<div style=\"height:48px\" aria-hidden=\"true\" class=\"wp-block-spacer\"><\/div>\n\n\n\n<figure class=\"wp-block-image size-large\"><img loading=\"lazy\" decoding=\"async\" width=\"2560\" height=\"2560\" src=\"http:\/\/www.esslie.com\/wp-content\/uploads\/2023\/09\/pexels-fauxels-3184431-edited-scaled.jpg\" alt=\"\" class=\"wp-image-32\" srcset=\"https:\/\/www.esslie.com\/wp-content\/uploads\/2023\/09\/pexels-fauxels-3184431-edited-scaled.jpg 2560w, https:\/\/www.esslie.com\/wp-content\/uploads\/2023\/09\/pexels-fauxels-3184431-edited-300x300.jpg 300w, https:\/\/www.esslie.com\/wp-content\/uploads\/2023\/09\/pexels-fauxels-3184431-edited-1024x1024.jpg 1024w, https:\/\/www.esslie.com\/wp-content\/uploads\/2023\/09\/pexels-fauxels-3184431-edited-150x150.jpg 150w, https:\/\/www.esslie.com\/wp-content\/uploads\/2023\/09\/pexels-fauxels-3184431-edited-768x768.jpg 768w, https:\/\/www.esslie.com\/wp-content\/uploads\/2023\/09\/pexels-fauxels-3184431-edited-1536x1536.jpg 1536w, https:\/\/www.esslie.com\/wp-content\/uploads\/2023\/09\/pexels-fauxels-3184431-edited-2048x2048.jpg 2048w, https:\/\/www.esslie.com\/wp-content\/uploads\/2023\/09\/pexels-fauxels-3184431-edited-2000x1999.jpg 2000w\" sizes=\"auto, (max-width: 2560px) 100vw, 2560px\" \/><\/figure>\n<\/div>\n<\/div>\n<\/div>\n\n\n\n<div class=\"wp-block-cover alignfull has-parallax is-position-center-center\" style=\"min-height:375px;aspect-ratio:unset;\"><span aria-hidden=\"true\" class=\"wp-block-cover__background has-black-background-color has-background-dim-40 has-background-dim\"><\/span><div role=\"img\" class=\"wp-block-cover__image-background wp-image-24 has-parallax\" style=\"background-position:50% 50%;background-image:url(http:\/\/www.esslie.com\/wp-content\/themes\/inspiro\/assets\/images\/StockSnap_89BQZ89TLH.jpg)\"><\/div><div class=\"wp-block-cover__inner-container is-layout-flow wp-block-cover-is-layout-flow\">\n<p class=\"has-text-align-center has-text-color has-huge-font-size\" style=\"color:#fffffa;line-height:1.1\"><strong>Avec ESSLIE, r\u00e9inventons le futur<\/strong><\/p>\n\n\n\n<div style=\"height:39px\" aria-hidden=\"true\" class=\"wp-block-spacer\"><\/div>\n\n\n\n<div class=\"wp-block-buttons is-horizontal is-content-justification-center is-layout-flex wp-container-core-buttons-is-layout-03627597 wp-block-buttons-is-layout-flex\">\n<div class=\"wp-block-button is-style-outline is-style-outline--2\"><a class=\"wp-block-button__link has-white-color has-text-color wp-element-button\" href=\"http:\/\/www.esslie.com\/index.php\/contact\/\">nous contacter<\/a><\/div>\n<\/div>\n<\/div><\/div>\n","protected":false},"excerpt":{"rendered":"<p>ESSLIE accompagne les entreprises et organisations pour construire une strat\u00e9gie autour du d\u00e9veloppement durable et de la responsabilit\u00e9 soci\u00e9tale. Notre ambition est de valoriser les mod\u00e8les d&rsquo;entreprises qui int\u00e8grent leur impact dans leur business mod\u00e8le. Nous sommes persuad\u00e9s que le respect de l&rsquo;environnement, l&rsquo;impact positif sur la soci\u00e9t\u00e9 et l&rsquo;\u00e9quit\u00e9 sont des \u00e9l\u00e9ments importants qui &hellip; <\/p>\n<p class=\"link-more\"><a href=\"https:\/\/www.esslie.com\/\" class=\"more-link\">Lire la suite de<span class=\"screen-reader-text\">\u00ab\u00a0ESSLIE, votre cabinet de Conseil en Strat\u00e9gie RSE (Responsabilit\u00e9 Soci\u00e9tale des Entreprises)\u00a0\u00bb<\/span><\/a><\/p>\n","protected":false},"author":1,"featured_media":5,"parent":0,"menu_order":0,"comment_status":"closed","ping_status":"closed","template":"","meta":{"footnotes":""},"class_list":["post-6","page","type-page","status-publish","has-post-thumbnail","hentry"],"featured_media_urls":{"thumbnail":["https:\/\/www.esslie.com\/wp-content\/uploads\/2023\/09\/StockSnap_M6D1GS9PSL-150x150.jpg",150,150,true],"medium":["https:\/\/www.esslie.com\/wp-content\/uploads\/2023\/09\/StockSnap_M6D1GS9PSL-300x198.jpg",300,198,true],"medium_large":["https:\/\/www.esslie.com\/wp-content\/uploads\/2023\/09\/StockSnap_M6D1GS9PSL-768x506.jpg",768,506,true],"large":["https:\/\/www.esslie.com\/wp-content\/uploads\/2023\/09\/StockSnap_M6D1GS9PSL-1024x674.jpg",950,625,true],"1536x1536":["https:\/\/www.esslie.com\/wp-content\/uploads\/2023\/09\/StockSnap_M6D1GS9PSL-1536x1011.jpg",1536,1011,true],"2048x2048":["https:\/\/www.esslie.com\/wp-content\/uploads\/2023\/09\/StockSnap_M6D1GS9PSL.jpg",2000,1317,false],"inspiro-featured-image":["https:\/\/www.esslie.com\/wp-content\/uploads\/2023\/09\/StockSnap_M6D1GS9PSL.jpg",2000,1317,false],"inspiro-loop":["https:\/\/www.esslie.com\/wp-content\/uploads\/2023\/09\/StockSnap_M6D1GS9PSL-950x320.jpg",950,320,true],"inspiro-loop@2x":["https:\/\/www.esslie.com\/wp-content\/uploads\/2023\/09\/StockSnap_M6D1GS9PSL-1900x640.jpg",1900,640,true],"portfolio_item-thumbnail":["https:\/\/www.esslie.com\/wp-content\/uploads\/2023\/09\/StockSnap_M6D1GS9PSL-600x400.jpg",600,400,true],"portfolio_item-thumbnail@2x":["https:\/\/www.esslie.com\/wp-content\/uploads\/2023\/09\/StockSnap_M6D1GS9PSL-1200x800.jpg",1200,800,true],"portfolio_item-masonry":["https:\/\/www.esslie.com\/wp-content\/uploads\/2023\/09\/StockSnap_M6D1GS9PSL-600x395.jpg",600,395,true],"portfolio_item-masonry@2x":["https:\/\/www.esslie.com\/wp-content\/uploads\/2023\/09\/StockSnap_M6D1GS9PSL-1200x790.jpg",1200,790,true],"portfolio_item-thumbnail_cinema":["https:\/\/www.esslie.com\/wp-content\/uploads\/2023\/09\/StockSnap_M6D1GS9PSL-800x335.jpg",800,335,true],"portfolio_item-thumbnail_portrait":["https:\/\/www.esslie.com\/wp-content\/uploads\/2023\/09\/StockSnap_M6D1GS9PSL-600x900.jpg",600,900,true],"portfolio_item-thumbnail_portrait@2x":["https:\/\/www.esslie.com\/wp-content\/uploads\/2023\/09\/StockSnap_M6D1GS9PSL-1200x1317.jpg",1200,1317,true],"portfolio_item-thumbnail_square":["https:\/\/www.esslie.com\/wp-content\/uploads\/2023\/09\/StockSnap_M6D1GS9PSL-800x800.jpg",800,800,true]},"_links":{"self":[{"href":"https:\/\/www.esslie.com\/index.php\/wp-json\/wp\/v2\/pages\/6","targetHints":{"allow":["GET"]}}],"collection":[{"href":"https:\/\/www.esslie.com\/index.php\/wp-json\/wp\/v2\/pages"}],"about":[{"href":"https:\/\/www.esslie.com\/index.php\/wp-json\/wp\/v2\/types\/page"}],"author":[{"embeddable":true,"href":"https:\/\/www.esslie.com\/index.php\/wp-json\/wp\/v2\/users\/1"}],"replies":[{"embeddable":true,"href":"https:\/\/www.esslie.com\/index.php\/wp-json\/wp\/v2\/comments?post=6"}],"version-history":[{"count":3,"href":"https:\/\/www.esslie.com\/index.php\/wp-json\/wp\/v2\/pages\/6\/revisions"}],"predecessor-version":[{"id":66,"href":"https:\/\/www.esslie.com\/index.php\/wp-json\/wp\/v2\/pages\/6\/revisions\/66"}],"wp:featuredmedia":[{"embeddable":true,"href":"https:\/\/www.esslie.com\/index.php\/wp-json\/wp\/v2\/media\/5"}],"wp:attachment":[{"href":"https:\/\/www.esslie.com\/index.php\/wp-json\/wp\/v2\/media?parent=6"}],"curies":[{"name":"wp","href":"https:\/\/api.w.org\/{rel}","templated":true}]}}