{"id":7,"date":"2023-09-05T09:27:16","date_gmt":"2023-09-05T07:27:16","guid":{"rendered":"http:\/\/www.esslie.com\/?page_id=7"},"modified":"2023-09-05T11:26:21","modified_gmt":"2023-09-05T09:26:21","slug":"about","status":"publish","type":"page","link":"https:\/\/www.esslie.com\/index.php\/about\/","title":{"rendered":"Notre offre"},"content":{"rendered":"\n<h2 class=\"wp-block-heading has-medium-font-size\" id=\"inspiro-is-a-digital-product-agency-that-focuses-on-strategy-and-design\" style=\"font-style:normal;font-weight:100\"><strong>Nos experts se mobilisent et vous accompagnent afin de :<\/strong><\/h2>\n\n\n\n<div style=\"height:100px\" aria-hidden=\"true\" class=\"wp-block-spacer\"><\/div>\n\n\n\n<div class=\"wp-block-columns alignwide is-layout-flex wp-container-core-columns-is-layout-28f84493 wp-block-columns-is-layout-flex\">\n<div class=\"wp-block-column is-layout-flow wp-block-column-is-layout-flow\">\n<figure class=\"wp-block-image size-full is-resized\"><img loading=\"lazy\" decoding=\"async\" src=\"http:\/\/www.esslie.com\/wp-content\/uploads\/2023\/09\/Capture-decran-2023-09-05-104028-edited-2.png\" alt=\"\" class=\"wp-image-62\" style=\"width:293px;height:196px\" width=\"293\" height=\"196\"\/><\/figure>\n\n\n\n<p class=\"has-black-color has-text-color has-medium-font-size\">Optimisation<\/p>\n\n\n\n<p class=\"has-text-color\" style=\"color:#7a7a7a\"><strong>Mesurer<\/strong> l&#8217;empreinte sociale et environnementale de votre entreprise pour pouvoir analyser et connaitre les points d&rsquo;<strong>optimisation<\/strong><\/p>\n<\/div>\n\n\n\n<div class=\"wp-block-column is-layout-flow wp-block-column-is-layout-flow\">\n<figure class=\"wp-block-image size-full\"><img loading=\"lazy\" decoding=\"async\" width=\"621\" height=\"414\" src=\"http:\/\/www.esslie.com\/wp-content\/uploads\/2023\/09\/Capture-decran-2023-08-30-161252-edited.png\" alt=\"\" class=\"wp-image-42\" srcset=\"https:\/\/www.esslie.com\/wp-content\/uploads\/2023\/09\/Capture-decran-2023-08-30-161252-edited.png 621w, https:\/\/www.esslie.com\/wp-content\/uploads\/2023\/09\/Capture-decran-2023-08-30-161252-edited-300x200.png 300w\" sizes=\"auto, (max-width: 621px) 100vw, 621px\" \/><\/figure>\n\n\n\n<p class=\"has-black-color has-text-color has-medium-font-size\">Performances<\/p>\n\n\n\n<p class=\"has-text-color\" style=\"color:#7a7a7a\"><strong>Transforme<\/strong>r vos pratiques existantes pour <strong>am\u00e9liorer les performances<\/strong> financi\u00e8re et \u00e9conomiques de votre entreprise au travers de sujets sociaux et environnementaux.<\/p>\n<\/div>\n\n\n\n<div class=\"wp-block-column is-layout-flow wp-block-column-is-layout-flow\">\n<figure class=\"wp-block-image size-large\"><img loading=\"lazy\" decoding=\"async\" width=\"1600\" height=\"1067\" src=\"http:\/\/www.esslie.com\/wp-content\/uploads\/2023\/09\/MicrosoftTeams-image-55-edited.png\" alt=\"\" class=\"wp-image-44\" srcset=\"https:\/\/www.esslie.com\/wp-content\/uploads\/2023\/09\/MicrosoftTeams-image-55-edited.png 1600w, https:\/\/www.esslie.com\/wp-content\/uploads\/2023\/09\/MicrosoftTeams-image-55-edited-300x200.png 300w, https:\/\/www.esslie.com\/wp-content\/uploads\/2023\/09\/MicrosoftTeams-image-55-edited-1024x683.png 1024w, https:\/\/www.esslie.com\/wp-content\/uploads\/2023\/09\/MicrosoftTeams-image-55-edited-768x512.png 768w, https:\/\/www.esslie.com\/wp-content\/uploads\/2023\/09\/MicrosoftTeams-image-55-edited-1536x1024.png 1536w\" sizes=\"auto, (max-width: 1600px) 100vw, 1600px\" \/><\/figure>\n\n\n\n<p class=\"has-black-color has-text-color has-medium-font-size\">Priorisation<\/p>\n\n\n\n<p class=\"has-text-color\" style=\"color:#7a7a7a\"><strong>Analyser<\/strong> l&rsquo;impact environnemental de votre activit\u00e9 pour <strong>identifier et hi\u00e9rarchiser<\/strong> les enjeux RSE sur lesquels votre entreprise devra <strong>concentrer ses efforts et prioriser<\/strong> les actions.<\/p>\n<\/div>\n<\/div>\n\n\n\n<div class=\"wp-block-columns alignwide is-layout-flex wp-container-core-columns-is-layout-28f84493 wp-block-columns-is-layout-flex\">\n<div class=\"wp-block-column is-layout-flow wp-block-column-is-layout-flow\">\n<figure class=\"wp-block-image size-large is-resized\"><img loading=\"lazy\" decoding=\"async\" src=\"http:\/\/www.esslie.com\/wp-content\/uploads\/2023\/09\/la-perennite-dans-un-contexte-dentreprise-edited.jpeg\" alt=\"\" class=\"wp-image-49\" style=\"width:292px;height:195px\" width=\"292\" height=\"195\" srcset=\"https:\/\/www.esslie.com\/wp-content\/uploads\/2023\/09\/la-perennite-dans-un-contexte-dentreprise-edited.jpeg 615w, https:\/\/www.esslie.com\/wp-content\/uploads\/2023\/09\/la-perennite-dans-un-contexte-dentreprise-edited-300x200.jpeg 300w\" sizes=\"auto, (max-width: 292px) 100vw, 292px\" \/><\/figure>\n\n\n\n<p class=\"has-black-color has-text-color has-medium-font-size\">D\u00e9veloppement<\/p>\n\n\n\n<p class=\"has-text-color\" style=\"color:#7a7a7a\"><strong>Activer<\/strong> les leviers de changement et d\u2019innovation, tout en r\u00e9duisant vos risques pour <strong>d\u00e9velopper<\/strong> de mani\u00e8re p\u00e9renne votre activit\u00e9<\/p>\n<\/div>\n\n\n\n<div class=\"wp-block-column is-layout-flow wp-block-column-is-layout-flow\">\n<figure class=\"wp-block-image size-full\"><img loading=\"lazy\" decoding=\"async\" width=\"908\" height=\"605\" src=\"http:\/\/www.esslie.com\/wp-content\/uploads\/2023\/09\/Capture-decran-2023-08-30-143953-edited.png\" alt=\"\" class=\"wp-image-46\" srcset=\"https:\/\/www.esslie.com\/wp-content\/uploads\/2023\/09\/Capture-decran-2023-08-30-143953-edited.png 908w, https:\/\/www.esslie.com\/wp-content\/uploads\/2023\/09\/Capture-decran-2023-08-30-143953-edited-300x200.png 300w, https:\/\/www.esslie.com\/wp-content\/uploads\/2023\/09\/Capture-decran-2023-08-30-143953-edited-768x512.png 768w\" sizes=\"auto, (max-width: 908px) 100vw, 908px\" \/><\/figure>\n\n\n\n<p class=\"has-black-color has-text-color has-medium-font-size\">Certifications<\/p>\n\n\n\n<p class=\"has-text-color\" style=\"color:#7a7a7a\"><strong>Obtenir<\/strong> les labels, \u00e9valuation, certifications les plus ad\u00e9quates pour votre secteur d&rsquo;activit\u00e9<\/p>\n\n\n\n<p class=\"has-text-color\" style=\"color:#7a7a7a\">LUCIE 26000<\/p>\n\n\n\n<p class=\"has-text-color\" style=\"color:#7a7a7a\">B Corp<\/p>\n\n\n\n<p class=\"has-text-color\" style=\"color:#7a7a7a\">Engag\u00e9 RSE<\/p>\n\n\n\n<p class=\"has-text-color\" style=\"color:#7a7a7a\">Ecovadis&nbsp;<\/p>\n\n\n\n<p class=\"has-text-color\" style=\"color:#7a7a7a\">Etc,<\/p>\n<\/div>\n\n\n\n<div class=\"wp-block-column is-layout-flow wp-block-column-is-layout-flow\">\n<figure class=\"wp-block-image size-large\"><img loading=\"lazy\" decoding=\"async\" width=\"1024\" height=\"683\" src=\"http:\/\/www.esslie.com\/wp-content\/uploads\/2023\/09\/equipe-existante-1-1024x683.webp\" alt=\"\" class=\"wp-image-47\" srcset=\"https:\/\/www.esslie.com\/wp-content\/uploads\/2023\/09\/equipe-existante-1-1024x683.webp 1024w, https:\/\/www.esslie.com\/wp-content\/uploads\/2023\/09\/equipe-existante-1-300x200.webp 300w, https:\/\/www.esslie.com\/wp-content\/uploads\/2023\/09\/equipe-existante-1-768x512.webp 768w, https:\/\/www.esslie.com\/wp-content\/uploads\/2023\/09\/equipe-existante-1-1536x1024.webp 1536w, https:\/\/www.esslie.com\/wp-content\/uploads\/2023\/09\/equipe-existante-1-2048x1365.webp 2048w, https:\/\/www.esslie.com\/wp-content\/uploads\/2023\/09\/equipe-existante-1-2000x1333.webp 2000w\" sizes=\"auto, (max-width: 1024px) 100vw, 1024px\" \/><\/figure>\n\n\n\n<p class=\"has-black-color has-text-color has-medium-font-size\">Marque employeur<\/p>\n\n\n\n<p class=\"has-text-color\" style=\"color:#7a7a7a\"><strong>Mettre en place<\/strong> les bons leviers de communication afin de<strong> faciliter<\/strong> le recrutement, <strong>attirer<\/strong> d&rsquo;\u00e9ventuels investisseurs et futurs collaborateurs, <strong>\u00eatre consult\u00e9<\/strong> dans le cadre d&rsquo;appel d&rsquo;offres, etc.<\/p>\n\n\n\n<p class=\"has-text-color\" style=\"color:#7a7a7a\"><strong>Sensibiliser et former<\/strong> vos collaborateurs incarnant les valeurs de l&rsquo;entreprise pour <strong>f\u00e9d\u00e9rer<\/strong> autour d\u2019un projet d\u2019entreprise qui contribue \u00e0 r\u00e9pondre aux enjeux sociaux et environnementaux.<\/p>\n<\/div>\n<\/div>\n\n\n\n<div class=\"wp-block-columns alignwide is-layout-flex wp-container-core-columns-is-layout-28f84493 wp-block-columns-is-layout-flex\">\n<div class=\"wp-block-column is-layout-flow wp-block-column-is-layout-flow\">\n<figure class=\"wp-block-image aligncenter size-large\"><img loading=\"lazy\" decoding=\"async\" width=\"1024\" height=\"248\" src=\"http:\/\/www.esslie.com\/wp-content\/uploads\/2023\/09\/entete_1439x348-1024x248.jpg\" alt=\"\" class=\"wp-image-50\" srcset=\"https:\/\/www.esslie.com\/wp-content\/uploads\/2023\/09\/entete_1439x348-1024x248.jpg 1024w, https:\/\/www.esslie.com\/wp-content\/uploads\/2023\/09\/entete_1439x348-300x73.jpg 300w, https:\/\/www.esslie.com\/wp-content\/uploads\/2023\/09\/entete_1439x348-768x186.jpg 768w, https:\/\/www.esslie.com\/wp-content\/uploads\/2023\/09\/entete_1439x348-1536x371.jpg 1536w, https:\/\/www.esslie.com\/wp-content\/uploads\/2023\/09\/entete_1439x348-2048x495.jpg 2048w, https:\/\/www.esslie.com\/wp-content\/uploads\/2023\/09\/entete_1439x348-2000x484.jpg 2000w\" sizes=\"auto, (max-width: 1024px) 100vw, 1024px\" \/><\/figure>\n\n\n\n<p class=\"has-black-color has-text-color has-medium-font-size\">Parties prenantes<\/p>\n\n\n\n<p class=\"has-text-color\" style=\"color:#7a7a7a\"><strong>Valoriser<\/strong> votre engagement aupr\u00e8s des parties prenantes :<\/p>\n\n\n\n<ul class=\"has-text-color wp-block-list\" style=\"color:#7a7a7a\">\n<li>Gouvernance (Mission et engagement en tant qu&rsquo;entreprise, pratiques d&rsquo;\u00e9thique et transparence)<\/li>\n\n\n\n<li>Collaborateurs (R\u00e9mun\u00e9ration juste, sant\u00e9, bien-\u00eatre au travail, \u00e9quilibre vie pro et vie perso, qualit\u00e9 de vie au travail, d\u00e9veloppement professionnel, satisfaction et engagement)<\/li>\n\n\n\n<li>Collectivit\u00e9 (Pratiques mises en place pour la diversit\u00e9 et l&rsquo;inclusion, impact \u00e9conomique local \u00e0 travers fournisseurs et partenariats)<\/li>\n\n\n\n<li>Environnements (Gestion environnementale, Reduction de l&#8217;emprunte carbone, impact sur le climat et gestion des ressources naturelles, gestion des d\u00e9chets)<\/li>\n\n\n\n<li>Clients (Gestion de la client\u00e8le, produits et services de l&rsquo;entreprise, satisfaction client, s\u00e9curit\u00e9 des Donn\u00e9es, etc)<\/li>\n<\/ul>\n<\/div>\n<\/div>\n\n\n\n<div style=\"height:100px\" aria-hidden=\"true\" class=\"wp-block-spacer\"><\/div>\n","protected":false},"excerpt":{"rendered":"<p>Nos experts se mobilisent et vous accompagnent afin de : Optimisation Mesurer l&#8217;empreinte sociale et environnementale de votre entreprise pour pouvoir analyser et connaitre les points d&rsquo;optimisation Performances Transformer vos pratiques existantes pour am\u00e9liorer les performances financi\u00e8re et \u00e9conomiques de votre entreprise au travers de sujets sociaux et environnementaux. Priorisation Analyser l&rsquo;impact environnemental de votre &hellip; <\/p>\n<p class=\"link-more\"><a href=\"https:\/\/www.esslie.com\/index.php\/about\/\" class=\"more-link\">Lire la suite de<span class=\"screen-reader-text\">\u00ab\u00a0Notre offre\u00a0\u00bb<\/span><\/a><\/p>\n","protected":false},"author":1,"featured_media":5,"parent":0,"menu_order":0,"comment_status":"closed","ping_status":"closed","template":"","meta":{"footnotes":""},"class_list":["post-7","page","type-page","status-publish","has-post-thumbnail","hentry"],"featured_media_urls":{"thumbnail":["https:\/\/www.esslie.com\/wp-content\/uploads\/2023\/09\/StockSnap_M6D1GS9PSL-150x150.jpg",150,150,true],"medium":["https:\/\/www.esslie.com\/wp-content\/uploads\/2023\/09\/StockSnap_M6D1GS9PSL-300x198.jpg",300,198,true],"medium_large":["https:\/\/www.esslie.com\/wp-content\/uploads\/2023\/09\/StockSnap_M6D1GS9PSL-768x506.jpg",768,506,true],"large":["https:\/\/www.esslie.com\/wp-content\/uploads\/2023\/09\/StockSnap_M6D1GS9PSL-1024x674.jpg",950,625,true],"1536x1536":["https:\/\/www.esslie.com\/wp-content\/uploads\/2023\/09\/StockSnap_M6D1GS9PSL-1536x1011.jpg",1536,1011,true],"2048x2048":["https:\/\/www.esslie.com\/wp-content\/uploads\/2023\/09\/StockSnap_M6D1GS9PSL.jpg",2000,1317,false],"inspiro-featured-image":["https:\/\/www.esslie.com\/wp-content\/uploads\/2023\/09\/StockSnap_M6D1GS9PSL.jpg",2000,1317,false],"inspiro-loop":["https:\/\/www.esslie.com\/wp-content\/uploads\/2023\/09\/StockSnap_M6D1GS9PSL-950x320.jpg",950,320,true],"inspiro-loop@2x":["https:\/\/www.esslie.com\/wp-content\/uploads\/2023\/09\/StockSnap_M6D1GS9PSL-1900x640.jpg",1900,640,true],"portfolio_item-thumbnail":["https:\/\/www.esslie.com\/wp-content\/uploads\/2023\/09\/StockSnap_M6D1GS9PSL-600x400.jpg",600,400,true],"portfolio_item-thumbnail@2x":["https:\/\/www.esslie.com\/wp-content\/uploads\/2023\/09\/StockSnap_M6D1GS9PSL-1200x800.jpg",1200,800,true],"portfolio_item-masonry":["https:\/\/www.esslie.com\/wp-content\/uploads\/2023\/09\/StockSnap_M6D1GS9PSL-600x395.jpg",600,395,true],"portfolio_item-masonry@2x":["https:\/\/www.esslie.com\/wp-content\/uploads\/2023\/09\/StockSnap_M6D1GS9PSL-1200x790.jpg",1200,790,true],"portfolio_item-thumbnail_cinema":["https:\/\/www.esslie.com\/wp-content\/uploads\/2023\/09\/StockSnap_M6D1GS9PSL-800x335.jpg",800,335,true],"portfolio_item-thumbnail_portrait":["https:\/\/www.esslie.com\/wp-content\/uploads\/2023\/09\/StockSnap_M6D1GS9PSL-600x900.jpg",600,900,true],"portfolio_item-thumbnail_portrait@2x":["https:\/\/www.esslie.com\/wp-content\/uploads\/2023\/09\/StockSnap_M6D1GS9PSL-1200x1317.jpg",1200,1317,true],"portfolio_item-thumbnail_square":["https:\/\/www.esslie.com\/wp-content\/uploads\/2023\/09\/StockSnap_M6D1GS9PSL-800x800.jpg",800,800,true]},"_links":{"self":[{"href":"https:\/\/www.esslie.com\/index.php\/wp-json\/wp\/v2\/pages\/7","targetHints":{"allow":["GET"]}}],"collection":[{"href":"https:\/\/www.esslie.com\/index.php\/wp-json\/wp\/v2\/pages"}],"about":[{"href":"https:\/\/www.esslie.com\/index.php\/wp-json\/wp\/v2\/types\/page"}],"author":[{"embeddable":true,"href":"https:\/\/www.esslie.com\/index.php\/wp-json\/wp\/v2\/users\/1"}],"replies":[{"embeddable":true,"href":"https:\/\/www.esslie.com\/index.php\/wp-json\/wp\/v2\/comments?post=7"}],"version-history":[{"count":5,"href":"https:\/\/www.esslie.com\/index.php\/wp-json\/wp\/v2\/pages\/7\/revisions"}],"predecessor-version":[{"id":65,"href":"https:\/\/www.esslie.com\/index.php\/wp-json\/wp\/v2\/pages\/7\/revisions\/65"}],"wp:featuredmedia":[{"embeddable":true,"href":"https:\/\/www.esslie.com\/index.php\/wp-json\/wp\/v2\/media\/5"}],"wp:attachment":[{"href":"https:\/\/www.esslie.com\/index.php\/wp-json\/wp\/v2\/media?parent=7"}],"curies":[{"name":"wp","href":"https:\/\/api.w.org\/{rel}","templated":true}]}}